{"id":7,"date":"2026-01-08T13:33:21","date_gmt":"2026-01-08T12:33:21","guid":{"rendered":"https:\/\/www.raadvankerkeneindhoven.nl\/?page_id=7"},"modified":"2026-03-05T07:24:05","modified_gmt":"2026-03-05T06:24:05","slug":"home","status":"publish","type":"page","link":"https:\/\/www.raadvankerkeneindhoven.nl\/","title":{"rendered":"Home"},"content":{"rendered":"\t\t<div data-elementor-type=\"wp-post\" data-elementor-id=\"7\" class=\"elementor elementor-7\" data-elementor-post-type=\"page\">\n\t\t\t\t<div class=\"elementor-element elementor-element-184b5c5 e-con-full e-flex e-con e-parent\" data-id=\"184b5c5\" data-element_type=\"container\" data-e-type=\"container\" data-settings=\"{&quot;background_background&quot;:&quot;classic&quot;}\">\n\t\t\t\t<div class=\"elementor-element elementor-element-1c314ba elementor-widget elementor-widget-heading\" data-id=\"1c314ba\" data-element_type=\"widget\" data-e-type=\"widget\" data-widget_type=\"heading.default\">\n\t\t\t\t\t<h2 class=\"elementor-heading-title elementor-size-default\">De kerk is waar gelovigen elkaar ontmoeten.\n<\/h2>\t\t\t\t<\/div>\n\t\t\t\t<\/div>\n\t\t<div class=\"elementor-element elementor-element-c3f76cb e-con-full e-flex e-con e-parent\" data-id=\"c3f76cb\" data-element_type=\"container\" data-e-type=\"container\">\n\t\t<div class=\"elementor-element elementor-element-dd3a328 e-con-full e-flex e-con e-child\" data-id=\"dd3a328\" data-element_type=\"container\" data-e-type=\"container\">\n\t\t\t\t<div class=\"elementor-element elementor-element-b025635 elementor-widget elementor-widget-heading\" data-id=\"b025635\" data-element_type=\"widget\" data-e-type=\"widget\" data-widget_type=\"heading.default\">\n\t\t\t\t\t<h2 class=\"elementor-heading-title elementor-size-default\">Actueel<\/h2>\t\t\t\t<\/div>\n\t\t\t\t<div class=\"elementor-element elementor-element-e3f170e elementor-grid-3 elementor-grid-tablet-2 elementor-grid-mobile-1 elementor-posts--thumbnail-top elementor-widget elementor-widget-posts\" data-id=\"e3f170e\" data-element_type=\"widget\" data-e-type=\"widget\" data-settings=\"{&quot;classic_columns&quot;:&quot;3&quot;,&quot;classic_columns_tablet&quot;:&quot;2&quot;,&quot;classic_columns_mobile&quot;:&quot;1&quot;,&quot;classic_row_gap&quot;:{&quot;unit&quot;:&quot;px&quot;,&quot;size&quot;:35,&quot;sizes&quot;:[]},&quot;classic_row_gap_laptop&quot;:{&quot;unit&quot;:&quot;px&quot;,&quot;size&quot;:&quot;&quot;,&quot;sizes&quot;:[]},&quot;classic_row_gap_tablet&quot;:{&quot;unit&quot;:&quot;px&quot;,&quot;size&quot;:&quot;&quot;,&quot;sizes&quot;:[]},&quot;classic_row_gap_mobile&quot;:{&quot;unit&quot;:&quot;px&quot;,&quot;size&quot;:&quot;&quot;,&quot;sizes&quot;:[]}}\" data-widget_type=\"posts.classic\">\n\t\t\t\t<div class=\"elementor-widget-container\">\n\t\t\t\t\t\t\t<div class=\"elementor-posts-container elementor-posts elementor-posts--skin-classic elementor-grid\" role=\"list\">\n\t\t\t\t<article class=\"elementor-post elementor-grid-item post-884 post type-post status-publish format-standard hentry category-actueel category-blog\" role=\"listitem\">\n\t\t\t\t<div class=\"elementor-post__text\">\n\t\t\t\t<h3 class=\"elementor-post__title\">\n\t\t\t<a href=\"https:\/\/www.raadvankerkeneindhoven.nl\/?p=884\" >\n\t\t\t\tEindhoven Airport &#8211; NON\t\t\t<\/a>\n\t\t<\/h3>\n\t\t\t\t<div class=\"elementor-post__meta-data\">\n\t\t\t\t\t<span class=\"elementor-post-date\">\n\t\t\t13 april 2026\t\t<\/span>\n\t\t\t\t<\/div>\n\t\t\t\t<div class=\"elementor-post__excerpt\">\n\t\t\t<p>In de aankomsthal stond een non. Een opvallende verschijning in haar zwarte habijt. Ik sprak haar aan. Ze wachtte op een vlucht uit Dublin, daar zaten familieleden van haar medezusters in, die op bezoek kwamen. Ze vertelde over haar congregatie. Ik zei dat ik luchthavenpastor ben. Ze zei, maar u bent niet katholiek, dat voel ik meteen aan. Ik zei dat ik dominee in de PKN ben. Ik vertelde over de gebedsruimte. Die wilde ze wel zien, ze had nog tijd. We gingen naar boven, en ze bekeek de gebedsruimte. Ze zag meteen de tafel met bijbels. O wat leuk bijbel in gewone taal. Mag ik daar \u00e9\u00e9n van meenemen? Natuurlijk mocht dat, daar zijn ze voor. Een bijzondere ontmoeting, je komt niet iedere dag een non tegen. Bovendien een mooie uitwisseling tussen katholiek en protestant. Ik wist niets van die congregatie, en zij heeft die bijbel meegenomen. Mirjam van Nie<\/p>\n\t\t<\/div>\n\t\t\n\t\t<a class=\"elementor-post__read-more\" href=\"https:\/\/www.raadvankerkeneindhoven.nl\/?p=884\" aria-label=\"Lees meer over Eindhoven Airport &#8211; NON\" tabindex=\"-1\" >\n\t\t\tLees verder \u00bb\t\t<\/a>\n\n\t\t\t\t<\/div>\n\t\t\t\t<\/article>\n\t\t\t\t<article class=\"elementor-post elementor-grid-item post-562 post type-post status-publish format-standard hentry category-actueel category-blog\" role=\"listitem\">\n\t\t\t\t<div class=\"elementor-post__text\">\n\t\t\t\t<h3 class=\"elementor-post__title\">\n\t\t\t<a href=\"https:\/\/www.raadvankerkeneindhoven.nl\/?p=562\" >\n\t\t\t\tEindhoven Airport &#8211; Familie\t\t\t<\/a>\n\t\t<\/h3>\n\t\t\t\t<div class=\"elementor-post__meta-data\">\n\t\t\t\t\t<span class=\"elementor-post-date\">\n\t\t\t11 februari 2026\t\t<\/span>\n\t\t\t\t<\/div>\n\t\t\t\t<div class=\"elementor-post__excerpt\">\n\t\t\t<p>In de aankomsthal van het vliegveld sprak ik een vrouw. Zij kwam haar dochter, met haar twee kinderen ophalen. Ze wonen in Spanje, de dochter is getrouwd met een spanjaard. Ze zei, \u201cmijn zus heeft haar kleinkinderen om de hoek wonen, zij ziet ze een paar keer per week. Ik zie mijn kleinkinderen drie keer per jaar\u201d. Ik zei \u201cdat valt zeker niet mee voor u\u201d. Ze vertelde dat ze veel contact hebben via facetime, maar dat dat natuurlijk niet hetzelfde is, als iemand kunnen omhelzen. Heel regelmatig ontmoet ik mensen met familie in een ver land. Aan de ene kant zijn ze blij, dat ze hun familieleden weer zullen ontmoeten, aan de andere kant, is er het verdriet om die afstand. Deze vrouw vertelde mij openhartig haar verhaal. Toen haar dochter en de twee kinderen uit de schuifdeuren kwamen, en ze elkaar begroet hadden, keek de vrouw nog naar me om, en zwaaide naar me. Luchthavenpastoraat is de bagage van mensen iets lichter maken. Mirjam van<\/p>\n\t\t<\/div>\n\t\t\n\t\t<a class=\"elementor-post__read-more\" href=\"https:\/\/www.raadvankerkeneindhoven.nl\/?p=562\" aria-label=\"Lees meer over Eindhoven Airport &#8211; Familie\" tabindex=\"-1\" >\n\t\t\tLees verder \u00bb\t\t<\/a>\n\n\t\t\t\t<\/div>\n\t\t\t\t<\/article>\n\t\t\t\t<article class=\"elementor-post elementor-grid-item post-45 post type-post status-publish format-standard hentry category-actueel category-blog\" role=\"listitem\">\n\t\t\t\t<div class=\"elementor-post__text\">\n\t\t\t\t<h3 class=\"elementor-post__title\">\n\t\t\t<a href=\"https:\/\/www.raadvankerkeneindhoven.nl\/?p=45\" >\n\t\t\t\tEindhoven Airport &#8211; Feesten\t\t\t<\/a>\n\t\t<\/h3>\n\t\t\t\t<div class=\"elementor-post__meta-data\">\n\t\t\t\t\t<span class=\"elementor-post-date\">\n\t\t\t15 januari 2026\t\t<\/span>\n\t\t\t\t<\/div>\n\t\t\t\t<div class=\"elementor-post__excerpt\">\n\t\t\t<p>Vlak na Kerst was ik op het vliegveld en sprak in de aankomsthal een vrouw, die twee kleine kinderen bij zich had. Ze vertelde dat ze haar man op kwam halen die via Istanboel uit Dubai kwam.\u00a0 Ze wonen in Dubai, en waren in Nederland op bezoek bij familie. Ze zag er niet uit als een moslima, dus ik vroeg, hebben jullie Kerstmis gevierd? Jazeker zei ze, wij zijn thuis niet religieus, maar we vieren wel alle feesten want dat is leuk voor de kinderen. Kerstmis, Chanoeka, en Suikerfeest. Dat vinden we z\u00f3 gezellig. Volgende week gaan we weer met z\u2019n allen terug naar Dubai. Ik heb ze fijne dagen bij de familie gewenst, en een goede reis terug. Van een godsdienst alleen de feesten willen vieren, die mogelijkheid had ik nog niet gehoord. Maar het leven bestaat uit m\u00e9\u00e9r dan alleen maar feesten, en een godsdienst is veel m\u00e9\u00e9r dan alleen feesten. Wat zouden deze mensen doen, als er een sterfgeval was, vroeg ik me af.<\/p>\n\t\t<\/div>\n\t\t\n\t\t<a class=\"elementor-post__read-more\" href=\"https:\/\/www.raadvankerkeneindhoven.nl\/?p=45\" aria-label=\"Lees meer over Eindhoven Airport &#8211; Feesten\" tabindex=\"-1\" >\n\t\t\tLees verder \u00bb\t\t<\/a>\n\n\t\t\t\t<\/div>\n\t\t\t\t<\/article>\n\t\t\t\t<\/div>\n\t\t\n\t\t\t\t\t\t<\/div>\n\t\t\t\t<\/div>\n\t\t\t\t<\/div>\n\t\t\t\t<\/div>\n\t\t<div class=\"elementor-element elementor-element-ccd6aa6 e-con-full e-flex e-con e-parent\" data-id=\"ccd6aa6\" data-element_type=\"container\" data-e-type=\"container\">\n\t\t<div class=\"elementor-element elementor-element-69b5652 e-con-full e-flex e-con e-child\" data-id=\"69b5652\" data-element_type=\"container\" data-e-type=\"container\">\n\t\t\t\t<div class=\"elementor-element elementor-element-6c9bdc0 elementor-widget elementor-widget-heading\" data-id=\"6c9bdc0\" data-element_type=\"widget\" data-e-type=\"widget\" data-widget_type=\"heading.default\">\n\t\t\t\t\t<h2 class=\"elementor-heading-title elementor-size-default\">Agenda<\/h2>\t\t\t\t<\/div>\n\t\t\t\t<div class=\"elementor-element elementor-element-469e6c0 elementor-widget elementor-widget-shortcode\" data-id=\"469e6c0\" data-element_type=\"widget\" data-e-type=\"widget\" data-widget_type=\"shortcode.default\">\n\t\t\t\t\t\t\t<div class=\"elementor-shortcode\"><div class=\"mec-wrap mec-skin-grid-container  \" id=\"mec_skin_205\">\r\n\r\n    \r\n        <div class=\"mec-skin-grid-events-container\" id=\"mec_skin_events_205\">\r\n        Geen evenementen gevonden!    <\/div>\r\n    \r\n    \r\n<\/div>\r\n<\/div>\n\t\t\t\t\t\t<\/div>\n\t\t\t\t<\/div>\n\t\t\t\t<\/div>\n\t\t\t\t<\/div>\n\t\t","protected":false},"excerpt":{"rendered":"<p>De kerk is waar gelovigen elkaar ontmoeten. Actueel Agenda<\/p>\n","protected":false},"author":1,"featured_media":0,"parent":0,"menu_order":0,"comment_status":"closed","ping_status":"closed","template":"","meta":{"footnotes":""},"class_list":["post-7","page","type-page","status-publish","hentry"],"_links":{"self":[{"href":"https:\/\/www.raadvankerkeneindhoven.nl\/index.php?rest_route=\/wp\/v2\/pages\/7","targetHints":{"allow":["GET"]}}],"collection":[{"href":"https:\/\/www.raadvankerkeneindhoven.nl\/index.php?rest_route=\/wp\/v2\/pages"}],"about":[{"href":"https:\/\/www.raadvankerkeneindhoven.nl\/index.php?rest_route=\/wp\/v2\/types\/page"}],"author":[{"embeddable":true,"href":"https:\/\/www.raadvankerkeneindhoven.nl\/index.php?rest_route=\/wp\/v2\/users\/1"}],"replies":[{"embeddable":true,"href":"https:\/\/www.raadvankerkeneindhoven.nl\/index.php?rest_route=%2Fwp%2Fv2%2Fcomments&post=7"}],"version-history":[{"count":133,"href":"https:\/\/www.raadvankerkeneindhoven.nl\/index.php?rest_route=\/wp\/v2\/pages\/7\/revisions"}],"predecessor-version":[{"id":736,"href":"https:\/\/www.raadvankerkeneindhoven.nl\/index.php?rest_route=\/wp\/v2\/pages\/7\/revisions\/736"}],"wp:attachment":[{"href":"https:\/\/www.raadvankerkeneindhoven.nl\/index.php?rest_route=%2Fwp%2Fv2%2Fmedia&parent=7"}],"curies":[{"name":"wp","href":"https:\/\/api.w.org\/{rel}","templated":true}]}}